{"id":4836,"date":"2024-02-13T13:52:21","date_gmt":"2024-02-13T13:52:21","guid":{"rendered":"https:\/\/dg-vet.eu\/?page_id=4836"},"modified":"2024-04-01T09:21:53","modified_gmt":"2024-04-01T09:21:53","slug":"segunda-reunion-transnacional-del-proyecto-dg-vet-en-graz-austria","status":"publish","type":"page","link":"https:\/\/dg-vet.eu\/?page_id=4836&lang=es","title":{"rendered":"Segunda Reuni\u00f3n Transnacional del proyecto DG-VET en Graz, Austria"},"content":{"rendered":"\t\t<div data-elementor-type=\"wp-page\" data-elementor-id=\"4836\" class=\"elementor elementor-4836\">\n\t\t\t\t\t\t<section class=\"elementor-section elementor-top-section elementor-element elementor-element-3cf2789 elementor-section-boxed elementor-section-height-default elementor-section-height-default\" data-id=\"3cf2789\" data-element_type=\"section\" data-e-type=\"section\" data-settings=\"{&quot;background_background&quot;:&quot;classic&quot;,&quot;shape_divider_bottom&quot;:&quot;curve&quot;,&quot;shape_divider_bottom_negative&quot;:&quot;yes&quot;}\">\n\t\t\t\t\t\t\t<div class=\"elementor-background-overlay\"><\/div>\n\t\t\t\t\t\t<div class=\"elementor-shape elementor-shape-bottom\" aria-hidden=\"true\" data-negative=\"true\">\n\t\t\t<svg xmlns=\"http:\/\/www.w3.org\/2000\/svg\" viewBox=\"0 0 1000 100\" preserveAspectRatio=\"none\">\n\t<path class=\"elementor-shape-fill\" d=\"M500,97C126.7,96.3,0.8,19.8,0,0v100l1000,0V1C1000,19.4,873.3,97.8,500,97z\"\/>\n<\/svg>\t\t<\/div>\n\t\t\t\t\t<div class=\"elementor-container elementor-column-gap-default\">\n\t\t\t\t\t<div class=\"elementor-column elementor-col-100 elementor-top-column elementor-element elementor-element-ca0eb77\" data-id=\"ca0eb77\" data-element_type=\"column\" data-e-type=\"column\">\n\t\t\t<div class=\"elementor-widget-wrap elementor-element-populated\">\n\t\t\t\t\t\t<div class=\"elementor-element elementor-element-f622731 elementor-widget elementor-widget-spacer\" data-id=\"f622731\" data-element_type=\"widget\" data-e-type=\"widget\" data-widget_type=\"spacer.default\">\n\t\t\t\t<div class=\"elementor-widget-container\">\n\t\t\t\t\t\t\t<div class=\"elementor-spacer\">\n\t\t\t<div class=\"elementor-spacer-inner\"><\/div>\n\t\t<\/div>\n\t\t\t\t\t\t<\/div>\n\t\t\t\t<\/div>\n\t\t\t\t<div class=\"elementor-element elementor-element-8ff8b7c elementor-widget elementor-widget-heading\" data-id=\"8ff8b7c\" data-element_type=\"widget\" data-e-type=\"widget\" data-widget_type=\"heading.default\">\n\t\t\t\t<div class=\"elementor-widget-container\">\n\t\t\t\t\t<h2 class=\"elementor-heading-title elementor-size-default\">Segunda Reuni\u00f3n Transnacional del proyecto DG-VET en Graz, Austria<\/h2>\t\t\t\t<\/div>\n\t\t\t\t<\/div>\n\t\t\t\t<div class=\"elementor-element elementor-element-972c8da elementor-widget elementor-widget-spacer\" data-id=\"972c8da\" data-element_type=\"widget\" data-e-type=\"widget\" data-widget_type=\"spacer.default\">\n\t\t\t\t<div class=\"elementor-widget-container\">\n\t\t\t\t\t\t\t<div class=\"elementor-spacer\">\n\t\t\t<div class=\"elementor-spacer-inner\"><\/div>\n\t\t<\/div>\n\t\t\t\t\t\t<\/div>\n\t\t\t\t<\/div>\n\t\t\t\t\t<\/div>\n\t\t<\/div>\n\t\t\t\t\t<\/div>\n\t\t<\/section>\n\t\t\t\t<section class=\"elementor-section elementor-top-section elementor-element elementor-element-43539e4 elementor-section-boxed elementor-section-height-default elementor-section-height-default\" data-id=\"43539e4\" data-element_type=\"section\" data-e-type=\"section\">\n\t\t\t\t\t\t<div class=\"elementor-container elementor-column-gap-default\">\n\t\t\t\t\t<div class=\"elementor-column elementor-col-100 elementor-top-column elementor-element elementor-element-c438c81\" data-id=\"c438c81\" data-element_type=\"column\" data-e-type=\"column\">\n\t\t\t<div class=\"elementor-widget-wrap elementor-element-populated\">\n\t\t\t\t\t\t<div class=\"elementor-element elementor-element-809896f elementor-widget elementor-widget-spacer\" data-id=\"809896f\" data-element_type=\"widget\" data-e-type=\"widget\" data-widget_type=\"spacer.default\">\n\t\t\t\t<div class=\"elementor-widget-container\">\n\t\t\t\t\t\t\t<div class=\"elementor-spacer\">\n\t\t\t<div class=\"elementor-spacer-inner\"><\/div>\n\t\t<\/div>\n\t\t\t\t\t\t<\/div>\n\t\t\t\t<\/div>\n\t\t\t\t<div class=\"elementor-element elementor-element-a7c42d3 elementor-widget elementor-widget-text-editor\" data-id=\"a7c42d3\" data-element_type=\"widget\" data-e-type=\"widget\" data-widget_type=\"text-editor.default\">\n\t\t\t\t<div class=\"elementor-widget-container\">\n\t\t\t\t\t\t\t\t\t<p>La segunda reuni\u00f3n transnacional de socios del proyecto DG VET tuvo lugar en Graz, Austria, los d\u00edas 8 y 9 de noviembre de 2022. Los socios disfrutaron de una gran hospitalidad por parte de LEVILO que ha facilitado la reuni\u00f3n con el fin de cubrir todos los puntos importantes.<\/p><p>De acuerdo con el orden del d\u00eda de la reuni\u00f3n, la organizaci\u00f3n responsable de la coordinaci\u00f3n del PR1 present\u00f3 el INFORME SOBRE LA CAPACIDAD DE EMPLEO DE LOS J\u00d3VENES\/MUJERES MENORES DE EDAD EN LOS SECTORES DE LA ECONOM\u00cdA DIGITAL Y VERDE (se puede volver a insertar el PDF). El documento se elabor\u00f3 a partir de los informes nacionales que cada socio hab\u00eda elaborado sobre la situaci\u00f3n actual en su pa\u00eds y se tradujo al idioma nacional de cada socio.<\/p>\t\t\t\t\t\t\t\t<\/div>\n\t\t\t\t<\/div>\n\t\t\t\t<div class=\"elementor-element elementor-element-cf29e3e elementor-widget elementor-widget-image\" data-id=\"cf29e3e\" data-element_type=\"widget\" data-e-type=\"widget\" data-widget_type=\"image.default\">\n\t\t\t\t<div class=\"elementor-widget-container\">\n\t\t\t\t\t\t\t\t\t\t\t\t\t\t\t<img fetchpriority=\"high\" decoding=\"async\" width=\"553\" height=\"553\" src=\"https:\/\/dg-vet.eu\/wp-content\/uploads\/2023\/04\/Picture1.png\" class=\"attachment-large size-large wp-image-3537\" alt=\"\" srcset=\"https:\/\/dg-vet.eu\/wp-content\/uploads\/2023\/04\/Picture1.png 553w, https:\/\/dg-vet.eu\/wp-content\/uploads\/2023\/04\/Picture1-300x300.png 300w, https:\/\/dg-vet.eu\/wp-content\/uploads\/2023\/04\/Picture1-150x150.png 150w, https:\/\/dg-vet.eu\/wp-content\/uploads\/2023\/04\/Picture1-360x360.png 360w\" sizes=\"(max-width: 553px) 100vw, 553px\" \/>\t\t\t\t\t\t\t\t\t\t\t\t\t\t\t<\/div>\n\t\t\t\t<\/div>\n\t\t\t\t<div class=\"elementor-element elementor-element-b541013 elementor-widget elementor-widget-text-editor\" data-id=\"b541013\" data-element_type=\"widget\" data-e-type=\"widget\" data-widget_type=\"text-editor.default\">\n\t\t\t\t<div class=\"elementor-widget-container\">\n\t\t\t\t\t\t\t\t\t<p>Adem\u00e1s, PR2: Agricultura 4.0: Equipar a los j\u00f3venes NEET con competencias digitales y ecol\u00f3gicas b\u00e1sicas y avanzadas se debati\u00f3 a fondo, ya que los socios de la DG-VET hab\u00edan preparado de antemano la asignaci\u00f3n de los m\u00f3dulos de formaci\u00f3n y presentado una introducci\u00f3n de los temas. Se prest\u00f3 especial atenci\u00f3n al concepto de \u201cAgricultura 4.0\u201d: un nuevo enfoque de la agricultura como proveedor de soluciones sostenibles y regenerativas, basado en el desarrollo del capital humano a trav\u00e9s de un enfoque ascendente que utiliza plataformas digitales y m\u00e9todos regenerativos.<\/p><p>Se debati\u00f3 la situaci\u00f3n actual y los pr\u00f3ximos pasos relacionados con la gesti\u00f3n financiera, la garant\u00eda de calidad y las actividades de difusi\u00f3n para que el consorcio garantice la gesti\u00f3n eficaz del proyecto DG-VET y alcance la m\u00e1xima calidad de los resultados del proyecto.<\/p><p>La pr\u00f3xima Reuni\u00f3n Transnacional de Socios se celebrar\u00e1 en Nicosia, Chipre, en el mes de MAYO de 2023. Ser\u00e1 organizada por STANDO como socio que lidera la Garant\u00eda de Calidad<\/p>\t\t\t\t\t\t\t\t<\/div>\n\t\t\t\t<\/div>\n\t\t\t\t<div class=\"elementor-element elementor-element-df48dbe elementor-widget elementor-widget-spacer\" data-id=\"df48dbe\" data-element_type=\"widget\" data-e-type=\"widget\" data-widget_type=\"spacer.default\">\n\t\t\t\t<div class=\"elementor-widget-container\">\n\t\t\t\t\t\t\t<div class=\"elementor-spacer\">\n\t\t\t<div class=\"elementor-spacer-inner\"><\/div>\n\t\t<\/div>\n\t\t\t\t\t\t<\/div>\n\t\t\t\t<\/div>\n\t\t\t\t\t<\/div>\n\t\t<\/div>\n\t\t\t\t\t<\/div>\n\t\t<\/section>\n\t\t\t\t<section class=\"elementor-section elementor-top-section elementor-element elementor-element-9a6139c elementor-section-boxed elementor-section-height-default elementor-section-height-default\" data-id=\"9a6139c\" data-element_type=\"section\" data-e-type=\"section\">\n\t\t\t\t\t\t<div class=\"elementor-container elementor-column-gap-default\">\n\t\t\t\t\t<div class=\"elementor-column elementor-col-33 elementor-top-column elementor-element elementor-element-e255cb4\" data-id=\"e255cb4\" data-element_type=\"column\" data-e-type=\"column\">\n\t\t\t<div class=\"elementor-widget-wrap elementor-element-populated\">\n\t\t\t\t\t\t<div class=\"elementor-element elementor-element-578a985 elementor-widget elementor-widget-spacer\" data-id=\"578a985\" data-element_type=\"widget\" data-e-type=\"widget\" data-widget_type=\"spacer.default\">\n\t\t\t\t<div class=\"elementor-widget-container\">\n\t\t\t\t\t\t\t<div class=\"elementor-spacer\">\n\t\t\t<div class=\"elementor-spacer-inner\"><\/div>\n\t\t<\/div>\n\t\t\t\t\t\t<\/div>\n\t\t\t\t<\/div>\n\t\t\t\t<div class=\"elementor-element elementor-element-eeb42eb elementor-widget elementor-widget-image\" data-id=\"eeb42eb\" data-element_type=\"widget\" data-e-type=\"widget\" data-widget_type=\"image.default\">\n\t\t\t\t<div class=\"elementor-widget-container\">\n\t\t\t\t\t\t\t\t\t\t\t\t\t\t\t<img decoding=\"async\" width=\"300\" height=\"63\" src=\"https:\/\/dg-vet.eu\/wp-content\/uploads\/2022\/12\/EN_Co-funded_by_the_EU-300x63.png\" class=\"attachment-medium size-medium wp-image-3302\" alt=\"\" srcset=\"https:\/\/dg-vet.eu\/wp-content\/uploads\/2022\/12\/EN_Co-funded_by_the_EU-300x63.png 300w, https:\/\/dg-vet.eu\/wp-content\/uploads\/2022\/12\/EN_Co-funded_by_the_EU-768x161.png 768w, https:\/\/dg-vet.eu\/wp-content\/uploads\/2022\/12\/EN_Co-funded_by_the_EU-720x151.png 720w, https:\/\/dg-vet.eu\/wp-content\/uploads\/2022\/12\/EN_Co-funded_by_the_EU.png 1024w\" sizes=\"(max-width: 300px) 100vw, 300px\" \/>\t\t\t\t\t\t\t\t\t\t\t\t\t\t\t<\/div>\n\t\t\t\t<\/div>\n\t\t\t\t<div class=\"elementor-element elementor-element-0d87cd6 elementor-widget elementor-widget-text-editor\" data-id=\"0d87cd6\" data-element_type=\"widget\" data-e-type=\"widget\" data-widget_type=\"text-editor.default\">\n\t\t\t\t<div class=\"elementor-widget-container\">\n\t\t\t\t\t\t\t\t\t<p>Financiado por la Uni\u00f3n Europea. Las opiniones y puntos de vista expresados solo comprometen a su(s) autor(es) y no reflejan necesariamente los de la Uni\u00f3n Europea o los de la Agencia Ejecutiva Europea de Educaci\u00f3n y Cultura (EACEA). Ni la Uni\u00f3n Europea ni la EACEA pueden ser considerados responsables de ellos. 2021-1-BE01-KA220-VET-000035895<\/p>\t\t\t\t\t\t\t\t<\/div>\n\t\t\t\t<\/div>\n\t\t\t\t\t<\/div>\n\t\t<\/div>\n\t\t\t\t<div class=\"elementor-column elementor-col-33 elementor-top-column elementor-element elementor-element-8b5fbad\" data-id=\"8b5fbad\" data-element_type=\"column\" data-e-type=\"column\">\n\t\t\t<div class=\"elementor-widget-wrap elementor-element-populated\">\n\t\t\t\t\t\t<div class=\"elementor-element elementor-element-647d31c elementor-widget elementor-widget-spacer\" data-id=\"647d31c\" data-element_type=\"widget\" data-e-type=\"widget\" data-widget_type=\"spacer.default\">\n\t\t\t\t<div class=\"elementor-widget-container\">\n\t\t\t\t\t\t\t<div class=\"elementor-spacer\">\n\t\t\t<div class=\"elementor-spacer-inner\"><\/div>\n\t\t<\/div>\n\t\t\t\t\t\t<\/div>\n\t\t\t\t<\/div>\n\t\t\t\t<section class=\"elementor-section elementor-inner-section elementor-element elementor-element-d018507 elementor-section-boxed elementor-section-height-default elementor-section-height-default\" data-id=\"d018507\" data-element_type=\"section\" data-e-type=\"section\">\n\t\t\t\t\t\t<div class=\"elementor-container elementor-column-gap-default\">\n\t\t\t\t\t<div class=\"elementor-column elementor-col-50 elementor-inner-column elementor-element elementor-element-3116f70\" data-id=\"3116f70\" data-element_type=\"column\" data-e-type=\"column\">\n\t\t\t<div class=\"elementor-widget-wrap elementor-element-populated\">\n\t\t\t\t\t\t<div class=\"elementor-element elementor-element-b38c16a elementor-widget elementor-widget-image\" data-id=\"b38c16a\" data-element_type=\"widget\" data-e-type=\"widget\" data-widget_type=\"image.default\">\n\t\t\t\t<div class=\"elementor-widget-container\">\n\t\t\t\t\t\t\t\t\t\t\t\t\t\t\t<img decoding=\"async\" width=\"354\" height=\"168\" src=\"https:\/\/dg-vet.eu\/wp-content\/uploads\/2024\/03\/image_2024_03_13T10_47_55_743Z.png\" class=\"attachment-large size-large wp-image-5232\" alt=\"\" srcset=\"https:\/\/dg-vet.eu\/wp-content\/uploads\/2024\/03\/image_2024_03_13T10_47_55_743Z.png 354w, https:\/\/dg-vet.eu\/wp-content\/uploads\/2024\/03\/image_2024_03_13T10_47_55_743Z-300x142.png 300w\" sizes=\"(max-width: 354px) 100vw, 354px\" \/>\t\t\t\t\t\t\t\t\t\t\t\t\t\t\t<\/div>\n\t\t\t\t<\/div>\n\t\t\t\t\t<\/div>\n\t\t<\/div>\n\t\t\t\t<div class=\"elementor-column elementor-col-50 elementor-inner-column elementor-element elementor-element-b3305c6\" data-id=\"b3305c6\" data-element_type=\"column\" data-e-type=\"column\">\n\t\t\t<div class=\"elementor-widget-wrap elementor-element-populated\">\n\t\t\t\t\t\t<div class=\"elementor-element elementor-element-f02d91e elementor-widget elementor-widget-image\" data-id=\"f02d91e\" data-element_type=\"widget\" data-e-type=\"widget\" data-widget_type=\"image.default\">\n\t\t\t\t<div class=\"elementor-widget-container\">\n\t\t\t\t\t\t\t\t\t\t\t\t\t\t\t<img loading=\"lazy\" decoding=\"async\" width=\"282\" height=\"179\" src=\"https:\/\/dg-vet.eu\/wp-content\/uploads\/2024\/03\/image_2024_03_13T10_47_25_365Z.png\" class=\"attachment-large size-large wp-image-5231\" alt=\"\" \/>\t\t\t\t\t\t\t\t\t\t\t\t\t\t\t<\/div>\n\t\t\t\t<\/div>\n\t\t\t\t\t<\/div>\n\t\t<\/div>\n\t\t\t\t\t<\/div>\n\t\t<\/section>\n\t\t\t\t<section class=\"elementor-section elementor-inner-section elementor-element elementor-element-a86335d elementor-section-boxed elementor-section-height-default elementor-section-height-default\" data-id=\"a86335d\" data-element_type=\"section\" data-e-type=\"section\">\n\t\t\t\t\t\t<div class=\"elementor-container elementor-column-gap-default\">\n\t\t\t\t\t<div class=\"elementor-column elementor-col-50 elementor-inner-column elementor-element elementor-element-11cca29\" data-id=\"11cca29\" data-element_type=\"column\" data-e-type=\"column\">\n\t\t\t<div class=\"elementor-widget-wrap elementor-element-populated\">\n\t\t\t\t\t\t<div class=\"elementor-element elementor-element-31b0891 elementor-widget elementor-widget-image\" data-id=\"31b0891\" data-element_type=\"widget\" data-e-type=\"widget\" data-widget_type=\"image.default\">\n\t\t\t\t<div class=\"elementor-widget-container\">\n\t\t\t\t\t\t\t\t\t\t\t\t\t\t\t<img loading=\"lazy\" decoding=\"async\" width=\"300\" height=\"125\" src=\"https:\/\/dg-vet.eu\/wp-content\/uploads\/2024\/03\/PFS-Leader-Badge-Full-Colour-01-300x125.png\" class=\"attachment-medium size-medium wp-image-5443\" alt=\"\" srcset=\"https:\/\/dg-vet.eu\/wp-content\/uploads\/2024\/03\/PFS-Leader-Badge-Full-Colour-01-300x125.png 300w, https:\/\/dg-vet.eu\/wp-content\/uploads\/2024\/03\/PFS-Leader-Badge-Full-Colour-01-1024x427.png 1024w, https:\/\/dg-vet.eu\/wp-content\/uploads\/2024\/03\/PFS-Leader-Badge-Full-Colour-01-768x320.png 768w, https:\/\/dg-vet.eu\/wp-content\/uploads\/2024\/03\/PFS-Leader-Badge-Full-Colour-01-1536x640.png 1536w, https:\/\/dg-vet.eu\/wp-content\/uploads\/2024\/03\/PFS-Leader-Badge-Full-Colour-01-2048x854.png 2048w, https:\/\/dg-vet.eu\/wp-content\/uploads\/2024\/03\/PFS-Leader-Badge-Full-Colour-01-720x300.png 720w\" sizes=\"(max-width: 300px) 100vw, 300px\" \/>\t\t\t\t\t\t\t\t\t\t\t\t\t\t\t<\/div>\n\t\t\t\t<\/div>\n\t\t\t\t\t<\/div>\n\t\t<\/div>\n\t\t\t\t<div class=\"elementor-column elementor-col-50 elementor-inner-column elementor-element elementor-element-5754aee\" data-id=\"5754aee\" data-element_type=\"column\" data-e-type=\"column\">\n\t\t\t<div class=\"elementor-widget-wrap elementor-element-populated\">\n\t\t\t\t\t\t<div class=\"elementor-element elementor-element-1e65b0f elementor-widget elementor-widget-image\" data-id=\"1e65b0f\" data-element_type=\"widget\" data-e-type=\"widget\" data-widget_type=\"image.default\">\n\t\t\t\t<div class=\"elementor-widget-container\">\n\t\t\t\t\t\t\t\t\t\t\t\t\t\t\t<img loading=\"lazy\" decoding=\"async\" width=\"278\" height=\"182\" src=\"https:\/\/dg-vet.eu\/wp-content\/uploads\/2024\/03\/image_2024_03_22T09_12_19_400Z.png\" class=\"attachment-large size-large wp-image-5938\" alt=\"\" \/>\t\t\t\t\t\t\t\t\t\t\t\t\t\t\t<\/div>\n\t\t\t\t<\/div>\n\t\t\t\t\t<\/div>\n\t\t<\/div>\n\t\t\t\t\t<\/div>\n\t\t<\/section>\n\t\t\t\t\t<\/div>\n\t\t<\/div>\n\t\t\t\t<div class=\"elementor-column elementor-col-33 elementor-top-column elementor-element elementor-element-97171db\" data-id=\"97171db\" data-element_type=\"column\" data-e-type=\"column\">\n\t\t\t<div class=\"elementor-widget-wrap elementor-element-populated\">\n\t\t\t\t\t\t<div class=\"elementor-element elementor-element-0dfd0df elementor-widget elementor-widget-spacer\" data-id=\"0dfd0df\" data-element_type=\"widget\" data-e-type=\"widget\" data-widget_type=\"spacer.default\">\n\t\t\t\t<div class=\"elementor-widget-container\">\n\t\t\t\t\t\t\t<div class=\"elementor-spacer\">\n\t\t\t<div class=\"elementor-spacer-inner\"><\/div>\n\t\t<\/div>\n\t\t\t\t\t\t<\/div>\n\t\t\t\t<\/div>\n\t\t\t\t<div class=\"elementor-element elementor-element-59081b0 elementor-widget elementor-widget-image\" data-id=\"59081b0\" data-element_type=\"widget\" data-e-type=\"widget\" data-widget_type=\"image.default\">\n\t\t\t\t<div class=\"elementor-widget-container\">\n\t\t\t\t\t\t\t\t\t\t\t\t\t\t\t\t<a href=\"http:\/\/dg-vet.eu\/\">\n\t\t\t\t\t\t\t<img loading=\"lazy\" decoding=\"async\" width=\"104\" height=\"62\" src=\"https:\/\/dg-vet.eu\/wp-content\/uploads\/2022\/12\/DG-VET-xsmall.png\" class=\"attachment-large size-large wp-image-3289\" alt=\"\" \/>\t\t\t\t\t\t\t\t<\/a>\n\t\t\t\t\t\t\t\t\t\t\t\t\t\t\t<\/div>\n\t\t\t\t<\/div>\n\t\t\t\t<div class=\"elementor-element elementor-element-fb0a115 elementor-widget elementor-widget-text-editor\" data-id=\"fb0a115\" data-element_type=\"widget\" data-e-type=\"widget\" data-widget_type=\"text-editor.default\">\n\t\t\t\t<div class=\"elementor-widget-container\">\n\t\t\t\t\t\t\t\t\t<a style=\"color: #344e41;\" href=\"https:\/\/dg-vet.eu\/?page_id=1214\" target=\"_blank\" rel=\"noopener\">Terms of Use<\/a>\t\t\t\t\t\t\t\t<\/div>\n\t\t\t\t<\/div>\n\t\t\t\t<div class=\"elementor-element elementor-element-0940316 elementor-shape-circle e-grid-align-right elementor-grid-0 elementor-widget elementor-widget-social-icons\" data-id=\"0940316\" data-element_type=\"widget\" data-e-type=\"widget\" data-widget_type=\"social-icons.default\">\n\t\t\t\t<div class=\"elementor-widget-container\">\n\t\t\t\t\t\t\t<div class=\"elementor-social-icons-wrapper elementor-grid\" role=\"list\">\n\t\t\t\t\t\t\t<span class=\"elementor-grid-item\" role=\"listitem\">\n\t\t\t\t\t<a class=\"elementor-icon elementor-social-icon elementor-social-icon-facebook elementor-repeater-item-1a23252\" href=\"https:\/\/www.facebook.com\/projectdgvet\/\" target=\"_blank\">\n\t\t\t\t\t\t<span class=\"elementor-screen-only\">Facebook<\/span>\n\t\t\t\t\t\t<i aria-hidden=\"true\" class=\"fab fa-facebook\"><\/i>\t\t\t\t\t<\/a>\n\t\t\t\t<\/span>\n\t\t\t\t\t\t\t<span class=\"elementor-grid-item\" role=\"listitem\">\n\t\t\t\t\t<a class=\"elementor-icon elementor-social-icon elementor-social-icon-twitter elementor-repeater-item-1877c5d\" href=\"https:\/\/twitter.com\/DGVETProject1\" target=\"_blank\">\n\t\t\t\t\t\t<span class=\"elementor-screen-only\">Twitter<\/span>\n\t\t\t\t\t\t<i aria-hidden=\"true\" class=\"fab fa-twitter\"><\/i>\t\t\t\t\t<\/a>\n\t\t\t\t<\/span>\n\t\t\t\t\t\t\t<span class=\"elementor-grid-item\" role=\"listitem\">\n\t\t\t\t\t<a class=\"elementor-icon elementor-social-icon elementor-social-icon-instagram elementor-repeater-item-d887d9f\" href=\"https:\/\/www.instagram.com\/dgvet.eu\/\" target=\"_blank\">\n\t\t\t\t\t\t<span class=\"elementor-screen-only\">Instagram<\/span>\n\t\t\t\t\t\t<i aria-hidden=\"true\" class=\"fab fa-instagram\"><\/i>\t\t\t\t\t<\/a>\n\t\t\t\t<\/span>\n\t\t\t\t\t\t\t<span class=\"elementor-grid-item\" role=\"listitem\">\n\t\t\t\t\t<a class=\"elementor-icon elementor-social-icon elementor-social-icon-linkedin elementor-repeater-item-dc159bc\" href=\"https:\/\/www.linkedin.com\/company\/84310879\/admin\/\" target=\"_blank\">\n\t\t\t\t\t\t<span class=\"elementor-screen-only\">Linkedin<\/span>\n\t\t\t\t\t\t<i aria-hidden=\"true\" class=\"fab fa-linkedin\"><\/i>\t\t\t\t\t<\/a>\n\t\t\t\t<\/span>\n\t\t\t\t\t\t\t<span class=\"elementor-grid-item\" role=\"listitem\">\n\t\t\t\t\t<a class=\"elementor-icon elementor-social-icon elementor-social-icon-youtube elementor-repeater-item-7e0cd6d\" href=\"https:\/\/www.youtube.com\/channel\/UC-vCPi-Q5_2f7_UXFRJ5Nnw\" target=\"_blank\">\n\t\t\t\t\t\t<span class=\"elementor-screen-only\">Youtube<\/span>\n\t\t\t\t\t\t<i aria-hidden=\"true\" class=\"fab fa-youtube\"><\/i>\t\t\t\t\t<\/a>\n\t\t\t\t<\/span>\n\t\t\t\t\t<\/div>\n\t\t\t\t\t\t<\/div>\n\t\t\t\t<\/div>\n\t\t\t\t\t<\/div>\n\t\t<\/div>\n\t\t\t\t\t<\/div>\n\t\t<\/section>\n\t\t\t\t<section class=\"elementor-section elementor-top-section elementor-element elementor-element-7f548d4 elementor-section-boxed elementor-section-height-default elementor-section-height-default\" data-id=\"7f548d4\" data-element_type=\"section\" data-e-type=\"section\">\n\t\t\t\t\t\t<div class=\"elementor-container elementor-column-gap-default\">\n\t\t\t\t\t<div class=\"elementor-column elementor-col-100 elementor-top-column elementor-element elementor-element-a1a3c5a\" data-id=\"a1a3c5a\" data-element_type=\"column\" data-e-type=\"column\">\n\t\t\t<div class=\"elementor-widget-wrap elementor-element-populated\">\n\t\t\t\t\t\t<div class=\"elementor-element elementor-element-bfdc1e9 elementor-widget-divider--view-line elementor-widget elementor-widget-divider\" data-id=\"bfdc1e9\" data-element_type=\"widget\" data-e-type=\"widget\" data-widget_type=\"divider.default\">\n\t\t\t\t<div class=\"elementor-widget-container\">\n\t\t\t\t\t\t\t<div class=\"elementor-divider\">\n\t\t\t<span class=\"elementor-divider-separator\">\n\t\t\t\t\t\t<\/span>\n\t\t<\/div>\n\t\t\t\t\t\t<\/div>\n\t\t\t\t<\/div>\n\t\t\t\t\t<\/div>\n\t\t<\/div>\n\t\t\t\t\t<\/div>\n\t\t<\/section>\n\t\t\t\t<section class=\"elementor-section elementor-top-section elementor-element elementor-element-ece31fc elementor-section-boxed elementor-section-height-default elementor-section-height-default\" data-id=\"ece31fc\" data-element_type=\"section\" data-e-type=\"section\">\n\t\t\t\t\t\t<div class=\"elementor-container elementor-column-gap-default\">\n\t\t\t\t\t<div class=\"elementor-column elementor-col-33 elementor-top-column elementor-element elementor-element-f0e2094\" data-id=\"f0e2094\" data-element_type=\"column\" data-e-type=\"column\">\n\t\t\t<div class=\"elementor-widget-wrap elementor-element-populated\">\n\t\t\t\t\t\t<div class=\"elementor-element elementor-element-730314d elementor-widget elementor-widget-text-editor\" data-id=\"730314d\" data-element_type=\"widget\" data-e-type=\"widget\" data-widget_type=\"text-editor.default\">\n\t\t\t\t<div class=\"elementor-widget-container\">\n\t\t\t\t\t\t\t\t\t<p>Copyright \u00a9 2022 DG-VET. All Rights Reserved.<\/p>\t\t\t\t\t\t\t\t<\/div>\n\t\t\t\t<\/div>\n\t\t\t\t\t<\/div>\n\t\t<\/div>\n\t\t\t\t<div class=\"elementor-column elementor-col-33 elementor-top-column elementor-element elementor-element-50075a3\" data-id=\"50075a3\" data-element_type=\"column\" data-e-type=\"column\">\n\t\t\t<div class=\"elementor-widget-wrap\">\n\t\t\t\t\t\t\t<\/div>\n\t\t<\/div>\n\t\t\t\t<div class=\"elementor-column elementor-col-33 elementor-top-column elementor-element elementor-element-cd7e420\" data-id=\"cd7e420\" data-element_type=\"column\" data-e-type=\"column\">\n\t\t\t<div class=\"elementor-widget-wrap elementor-element-populated\">\n\t\t\t\t\t\t<div class=\"elementor-element elementor-element-7ebc942 elementor-widget elementor-widget-text-editor\" data-id=\"7ebc942\" data-element_type=\"widget\" data-e-type=\"widget\" data-widget_type=\"text-editor.default\">\n\t\t\t\t<div class=\"elementor-widget-container\">\n\t\t\t\t\t\t\t\t\t<span style=\"color: #797979; text-align: left;\">Powered by\u00a0<\/span><a style=\"color: #797979; text-align: right;\" href=\"https:\/\/innovationhive.eu\/\" target=\"_blank\" rel=\"noopener\">Innovation Hive<\/a>\t\t\t\t\t\t\t\t<\/div>\n\t\t\t\t<\/div>\n\t\t\t\t\t<\/div>\n\t\t<\/div>\n\t\t\t\t\t<\/div>\n\t\t<\/section>\n\t\t\t\t<\/div>\n\t\t","protected":false},"excerpt":{"rendered":"<p>Segunda Reuni\u00f3n Transnacional del proyecto DG-VET en Graz, Austria La segunda reuni\u00f3n transnacional de socios del proyecto DG VET tuvo [&hellip;]<\/p>\n","protected":false},"author":1,"featured_media":0,"parent":0,"menu_order":0,"comment_status":"closed","ping_status":"closed","template":"page-templates\/template_page-builder.php","meta":{"_monsterinsights_skip_tracking":false,"_monsterinsights_sitenote_active":false,"_monsterinsights_sitenote_note":"","_monsterinsights_sitenote_category":0,"footnotes":""},"class_list":["post-4836","page","type-page","status-publish","hentry","col-lg-4 col-md-6"],"aioseo_notices":[],"_links":{"self":[{"href":"https:\/\/dg-vet.eu\/index.php?rest_route=\/wp\/v2\/pages\/4836","targetHints":{"allow":["GET"]}}],"collection":[{"href":"https:\/\/dg-vet.eu\/index.php?rest_route=\/wp\/v2\/pages"}],"about":[{"href":"https:\/\/dg-vet.eu\/index.php?rest_route=\/wp\/v2\/types\/page"}],"author":[{"embeddable":true,"href":"https:\/\/dg-vet.eu\/index.php?rest_route=\/wp\/v2\/users\/1"}],"replies":[{"embeddable":true,"href":"https:\/\/dg-vet.eu\/index.php?rest_route=%2Fwp%2Fv2%2Fcomments&post=4836"}],"version-history":[{"count":16,"href":"https:\/\/dg-vet.eu\/index.php?rest_route=\/wp\/v2\/pages\/4836\/revisions"}],"predecessor-version":[{"id":6539,"href":"https:\/\/dg-vet.eu\/index.php?rest_route=\/wp\/v2\/pages\/4836\/revisions\/6539"}],"wp:attachment":[{"href":"https:\/\/dg-vet.eu\/index.php?rest_route=%2Fwp%2Fv2%2Fmedia&parent=4836"}],"curies":[{"name":"wp","href":"https:\/\/api.w.org\/{rel}","templated":true}]}}